{"id":182,"date":"2024-03-17T15:25:10","date_gmt":"2024-03-17T06:25:10","guid":{"rendered":"https:\/\/choinamsub.synology.me\/wordpress\/?page_id=182"},"modified":"2026-04-19T10:09:52","modified_gmt":"2026-04-19T01:09:52","slug":"profile","status":"publish","type":"page","link":"https:\/\/choinamsub.synology.me\/wordpress\/profile\/","title":{"rendered":""},"content":{"rendered":"\n<figure class=\"wp-block-image size-large is-resized\"><img decoding=\"async\" loading=\"lazy\" src=\"https:\/\/choinamsub.synology.me\/wordpress\/wp-content\/uploads\/2024\/03\/20170504-goziban-2-1024x459.jpg\" alt=\"\" class=\"wp-image-393\" width=\"1201\" height=\"538\" srcset=\"https:\/\/choinamsub.synology.me\/wordpress\/wp-content\/uploads\/2024\/03\/20170504-goziban-2-1024x459.jpg 1024w, https:\/\/choinamsub.synology.me\/wordpress\/wp-content\/uploads\/2024\/03\/20170504-goziban-2-300x135.jpg 300w, https:\/\/choinamsub.synology.me\/wordpress\/wp-content\/uploads\/2024\/03\/20170504-goziban-2-768x344.jpg 768w, https:\/\/choinamsub.synology.me\/wordpress\/wp-content\/uploads\/2024\/03\/20170504-goziban-2-1536x689.jpg 1536w, https:\/\/choinamsub.synology.me\/wordpress\/wp-content\/uploads\/2024\/03\/20170504-goziban-2-2048x918.jpg 2048w\" sizes=\"(max-width: 1201px) 100vw, 1201px\" \/><figcaption class=\"wp-element-caption\">Goziban, 2017<\/figcaption><\/figure>\n\n\n\n<p class=\"has-primary-color has-text-color\"><strong>EDUCATION<\/strong><\/p>\n\n\n\n<p>2015-2022,&nbsp;Ph. D. in Engineering, Seoul National University<\/p>\n\n\n\n<p>2006-2008, Master in Architecture, Sungkyunkwan University<\/p>\n\n\n\n<p>1998-2006, Bachelor of Engineering, Sungkyunkwan University<\/p>\n\n\n\n<p class=\"has-text-align-center\"><strong>&#8230;<\/strong><\/p>\n\n\n\n<p class=\"has-primary-color has-text-color\"><strong>AFFILIATION<\/strong><\/p>\n\n\n\n<p>2025-2026, Senior Researcher, Institute of Construction and Environmental Engineering (ICEE), Seoul National University<\/p>\n\n\n\n<p>2024-2025,&nbsp;Research Assistant Professor, Institute of Construction and Environmental Engineering (ICEE), Seoul National University<\/p>\n\n\n\n<p>2022-2024, Senior Researcher, Institute of Construction and Environmental Engineering (ICEE), Seoul National University<\/p>\n\n\n\n<p>2013-2015,&nbsp;Senior Researcher, ICOMOS-Korea<\/p>\n\n\n\n<p>2009-2012, Junior Architect, Junglim Architecture<\/p>\n\n\n\n<p>2007-2008, Research Assistant, ICOMOS-Korea<\/p>\n\n\n\n<p class=\"has-text-align-center\"><strong>&#8230;<\/strong><\/p>\n\n\n\n<p class=\"has-primary-color has-text-color\"><strong>HONOR &amp; AWARD<\/strong><\/p>\n\n\n\n<p>2024 (January 23),&nbsp;&#8220;2023 SNUAC Dissertation Award,&#8221; Seoul National University Asia Center.<\/p>\n\n\n\n<p>2008 (May 16),&nbsp;&#8220;3rd KAAH Master&#8217;s Thesis Award,&#8221; Korean Association of Architectural History<\/p>\n\n\n\n<p class=\"has-text-align-center\"><strong>&#8230;<\/strong><\/p>\n\n\n\n<p class=\"has-primary-color has-text-color\"><strong>MEDIA APPEARANCE<\/strong><\/p>\n\n\n\n<p>2025 (Sep. 15-18), Curator, <em>EBS World Theme Travel &#8220;This is the Real Pamir Plateau&#8221; (EBS \uc138\uacc4\ud14c\ub9c8\uae30\ud589 &#8216;\uc774\uac83\uc774 \uc9c4\uc9dc! \ud30c\ubbf8\ub974 \uace0\uc6d0&#8217;),<\/em> EBS (Korea Educational Broadcasting System)<\/p>\n\n\n\n<p class=\"has-text-align-center\">&#8230;<\/p>\n\n\n\n<p class=\"has-primary-color has-text-color\"><strong>UNIVERSITY LECTURE<\/strong><\/p>\n\n\n\n<p>2023-2024, Lecturer, &#8220;Interpretation and Understanding of Architectural History,&#8221; Kookmin University<\/p>\n\n\n\n<p>2022-2023, Lecturer, &#8220;The History of Korean Architecture,&#8221; Soongsil University<\/p>\n\n\n\n<p>2021-2023, Lecturer, &#8220;The Korean Architecture,&#8221; Ajou University<\/p>\n\n\n\n<p>2020-2021, Lecturer, &#8220;The History of Korean Architecture,&#8221; Hongik University<\/p>\n\n\n\n<p class=\"has-text-align-center\"><strong>&#8230;<\/strong><\/p>\n\n\n\n<p class=\"has-primary-color has-text-color\"><strong>SPECIAL LECTURE<\/strong><\/p>\n\n\n\n<p>2025 (Nov. 5), \u201cThe Historical Developments of Kurdish Black Tent and Stone Architecture,\u201d <em>5th Thesis Award Recipients\u2019 Forum<\/em>, Seoul National University Asia Center (SNUAC). <a rel=\"noreferrer noopener\" href=\"https:\/\/architecture.snu.ac.kr\/activities\/%EC%84%9C%EC%9A%B8%EB%8C%80-%EC%95%84%EC%8B%9C%EC%95%84%EC%97%B0%EA%B5%AC%EC%86%8C-%EC%A0%9C5%ED%9A%8C-%ED%95%99%EC%9C%84%EB%85%BC%EB%AC%B8%EC%83%81-%EC%88%98%EC%83%81%EC%9E%90-%ED%8F%AC%EB%9F%BC\/\" target=\"_blank\">[Link]<\/a><\/p>\n\n\n\n<p>2025 (Oct. 25), \u201cT\u0101r\u012bkh-e Ta\u1e25avol-e Me\u2019m\u0101r\u012b-ye S\u012bahch\u0101dor va Sang\u012b-ye Kord,\u201d <em>Sokhanr\u0101n\u012b-ye S\u012b\u0101hch\u0101dor va Me\u2019mar\u012b-ye Sang\u012b dar Me\u2019m\u0101r\u012b-ye Hawr\u0101m\u0101n-e Kordest\u0101n<\/em>, S\u0101lon-e Khal\u012bj-e Fars of RICHTO (Iran). <a href=\"https:\/\/www.aparat.com\/v\/imv95j1\">[Link]<\/a><\/p>\n\n\n\n<p>2025 (Sep. 2), &#8220;Hawramians&#8217; Winter and Summer Stone Houses: Mountain Life of the Smallest Kurdish Community,&#8221;  Seoul National University Asia Center (SNUAC). <a href=\"http:\/\/snuachklhc.snu.ac.kr\/?page_id=6412\" data-type=\"URL\" data-id=\"http:\/\/snuachklhc.snu.ac.kr\/?page_id=6412\">[Link]<\/a><\/p>\n\n\n\n<p>2025 (Apr. 22), &#8220;Formation and Development of Islamic Architecture,&#8221; Hankyong National University<\/p>\n\n\n\n<p>2025 (Apr. 8), &#8220;From Architecture without Architects to Architecture with Architects (Vernacular Architecture without or with Architects),&#8221; Sungkyunkwan University<\/p>\n\n\n\n<p>2023 (Apr. 20), &#8220;Barbarism, Mobility, and Shelter,&#8221; Hongik University<\/p>\n\n\n\n<p>2022 (Oct. 21), &#8220;The Kurdish Black Tent and Stone Architecture: Architectural Narratives and Research Processes of Non-State Groups,&#8221; Hanyang University<\/p>\n\n\n\n<p>2021 (Jun. 8), &#8220;Mobility and Settlement in Kurdistan,&#8221; Ajou University<\/p>\n\n\n\n<p>2020 (Oct. 29), &#8220;The World Heritage Nomination Process of Hawraman Village in Iran: Issues and Challenges,&#8221; Busan Metropolitan City<\/p>\n\n\n\n<p class=\"has-text-align-center\"><strong>&#8230;<\/strong><\/p>\n\n\n\n<p><\/p>\n","protected":false},"excerpt":{"rendered":"<p>EDUCATION 2015-2022,&nbsp;Ph. D. in Engineering, Seoul National University 2006-2008, Master in Architecture, Sungkyunkwan University 1998-2006, Bachelor of Engineering, Sungkyunkwan University &#8230; AFFILIATION 2025-2026, Senior Researcher, Institute of Construction and Environmental Engineering (ICEE), Seoul National University 2024-2025,&nbsp;Research Assistant Professor, Institute of Construction and Environmental Engineering (ICEE), Seoul National University 2022-2024, Senior Researcher, Institute of Construction and [&hellip;]<\/p>\n","protected":false},"author":1,"featured_media":0,"parent":0,"menu_order":0,"comment_status":"closed","ping_status":"closed","template":"","meta":{"_monsterinsights_skip_tracking":false,"_monsterinsights_sitenote_active":false,"_monsterinsights_sitenote_note":"","_monsterinsights_sitenote_category":0},"_links":{"self":[{"href":"https:\/\/choinamsub.synology.me\/wordpress\/wp-json\/wp\/v2\/pages\/182"}],"collection":[{"href":"https:\/\/choinamsub.synology.me\/wordpress\/wp-json\/wp\/v2\/pages"}],"about":[{"href":"https:\/\/choinamsub.synology.me\/wordpress\/wp-json\/wp\/v2\/types\/page"}],"author":[{"embeddable":true,"href":"https:\/\/choinamsub.synology.me\/wordpress\/wp-json\/wp\/v2\/users\/1"}],"replies":[{"embeddable":true,"href":"https:\/\/choinamsub.synology.me\/wordpress\/wp-json\/wp\/v2\/comments?post=182"}],"version-history":[{"count":75,"href":"https:\/\/choinamsub.synology.me\/wordpress\/wp-json\/wp\/v2\/pages\/182\/revisions"}],"predecessor-version":[{"id":2225,"href":"https:\/\/choinamsub.synology.me\/wordpress\/wp-json\/wp\/v2\/pages\/182\/revisions\/2225"}],"wp:attachment":[{"href":"https:\/\/choinamsub.synology.me\/wordpress\/wp-json\/wp\/v2\/media?parent=182"}],"curies":[{"name":"wp","href":"https:\/\/api.w.org\/{rel}","templated":true}]}}